{"id":10,"date":"2013-02-12T22:55:46","date_gmt":"2013-02-13T02:55:46","guid":{"rendered":"http:\/\/www.carinfo.com.br\/blog\/?page_id=10"},"modified":"2013-10-01T22:53:51","modified_gmt":"2013-10-02T02:53:51","slug":"a-viagem","status":"publish","type":"page","link":"https:\/\/carinfo.com.br\/?page_id=10","title":{"rendered":"A Viagem \/ The Trip"},"content":{"rendered":"<p><a href=\"http:\/\/www.carinfo.com.br\/blog\/wp-content\/uploads\/2013\/02\/Toronto-Tatetu_Roteiro-Full.png\"><img loading=\"lazy\" decoding=\"async\" alt=\"Click to Zoom\" src=\"http:\/\/www.carinfo.com.br\/blog\/wp-content\/uploads\/2013\/02\/Toronto-Tatetu_Roteiro-Full-991x1024.png\" width=\"625\" height=\"645\" \/><\/a><\/p>\n<p>O gosto por viagem est\u00e1 no sangue. Sempre que podemos estamos na estrada e aprendemos com nossos pais que desta vida nada se leva a n\u00e3o ser o conhecimento e experi\u00eancia. Por isso que a decis\u00e3o n\u00e3o foi dif\u00edcil.<br \/>\nMuitos acham que somos doidos, aonde j\u00e1 se viu fazer uma viagem dessas, porque pode ser perigoso e se furar um pneu e se isso, aquilo&#8230;<\/p>\n<p>A vontade por realizar uma grande aventura como esta j\u00e1 existe algum tempo e estamos mais do que preparados. Garantimos que teremos hist\u00f3ria para contar aos netos&#8230; Se os filhos vierem primeiro, claro! \ud83d\ude42<\/p>\n<p>Sa\u00edmos de Toronto dia\u00a01o.\u00a0de novembro, em nossa moto BMW GS1200, com as poucas roupas que podemos carregar nas malas da moto com dire\u00e7\u00e3o ao bairro do Tatetu, cidade de Alambari no estado de S\u00e3o Paulo. Se voc\u00ea est\u00e1 se perguntando aonde isso fica, visite o Google maps que vai achar. Dai vem o nome: Projeto TT (Toronto &#8211; Tatetu).<\/p>\n<p>O Plano \u00e9 cortar os Estados Unidos o mais rapidamente poss\u00edvel e cruzar a fronteira pr\u00f3ximo a El Passo. A partir deste ponto, o ritmo \u00e9 reduzido e iremos aproveitar para conhecer as atra\u00e7\u00f5es no caminho.<\/p>\n<p>Iremos visitar os seguintes pa\u00edses: Estados Unidos, M\u00e9xico, Belize, Guatemala, Honduras, El Salvador, Nicar\u00e1gua, Costa Rica, Panam\u00e1, Col\u00f4mbia, Equador, Peru e finalmente o Brasil.<\/p>\n<p>Nos trechos mais longos iremos rodar 900km por dia e em m\u00e9dia vamos percorrer 415km por dia. Planejamos para viajar 6 dias e descansar 1 dia. No total ser\u00e3o 52 dias de viagem, sendo 7 dias de descanso. No total iremos percorrer aproximadamente 22,000km.<\/p>\n<p>Claro que tudo foi planejado no papel e quando estivermos viajando, teremos a flexibilidade de ajustar o que faremos e eventualmente reduzir ou aumentar a distancia percorrida.<\/p>\n<p>Para saber em detalhes, criamos o roteiro no Google maps. <a href=\"https:\/\/www.google.com\/maps\/ms?msid=215841143381328728627.0004d6ab1095104aad72c&amp;msa=0\" target=\"_blank\">Clique Aqui<\/a> para abrir em uma nova janela.<\/p>\n<p>At\u00e9 agora s\u00f3 temos a agradecer a Deus por nos dar esta oportunidade em nossas vidas. Sente, relaxe e embarque conosco nesta pequena aventura.<\/p>\n<p>&#8212;&#8212;&#8212;&#8212;&#8212;&#8212;&#8212;&#8212;&#8212;&#8212;&#8212;&#8212;&#8212;&#8212;&#8212;&#8212;&#8212;&#8212;&#8212;&#8212;&#8212;&#8212;&#8212;&#8212;&#8212;&#8211;<\/p>\n<p>The taste for travel is in the blood. We are always in the road whenever possible and we learned from our parents that from this life we don&#8217;t take anything unless the knowledge and experience. That&#8217;s why the decision was not difficult.<br \/>\nMany think we are crazy because it can be dangerous, we can have a flat tire and if, what if&#8230;<\/p>\n<p>The desire to perform a great adventure like this already exists some time and we are more than ready. We guarantee that we will have story to tell to our grandchildren&#8230; If the children come first, of course!\u00a0 \ud83d\ude42<\/p>\n<p>We leave Toronto on November\u00a01 in our bike BMW GS1200, with just few clothes that we can carry in the top and side bike case towards the neighborhood of Tatetu, Alambari City, State of S\u00e3o Paulo &#8211; Brazil. If you are wondering where it is, please visit Google maps and you will find it. Hence comes the name: Project TT (Toronto &#8211; Tatetu).<\/p>\n<p>The plan is to cut the United States as quickly as possible and cross the border near El Passo. From there, the rhythm is reduced and we will take advantage to know the attractions along the way.<\/p>\n<p>We will visit the following countries: USA, Mexico, Belize, Guatemala, Honduras, El Salvador, Nicaragua, Costa Rica, Panama, Colombia, Ecuador, Peru and finally Brazil.<\/p>\n<p>Longer stretches will cover 900km per day and on average we will travel 415km per day. We plan to travel six days and rest one day. In total there will be 52 days trip, 7 days rest. In total we will travel approximately 22.000 km.<\/p>\n<p>Of course everything was planned on paper and when we are traveling, we have the flexibility to adjust what we do, and eventually reduce or increase the distance traveled.<\/p>\n<p>To know in detail, we created the route on Google maps. <a href=\"https:\/\/www.google.com\/maps\/ms?msid=215841143381328728627.0004d6ab1095104aad72c&amp;msa=0\" target=\"_blank\">Click Here<\/a> to open in a new window.<\/p>\n<p>So far we only have to thank God for giving us this opportunity in our lives. Sit back, relax and embark with us on this adventure.<\/p>\n<p>&nbsp;<\/p>\n","protected":false},"excerpt":{"rendered":"<p>O gosto por viagem est\u00e1 no sangue. Sempre que podemos estamos na estrada e aprendemos com nossos pais que desta vida nada se leva a n\u00e3o ser o conhecimento e experi\u00eancia. Por isso que a decis\u00e3o n\u00e3o foi dif\u00edcil. Muitos acham que somos doidos, aonde j\u00e1 se viu fazer uma viagem dessas, porque pode ser [&hellip;]<\/p>\n","protected":false},"author":1,"featured_media":0,"parent":0,"menu_order":0,"comment_status":"open","ping_status":"open","template":"","meta":{"ngg_post_thumbnail":0,"footnotes":""},"class_list":["post-10","page","type-page","status-publish","hentry"],"_hostinger_reach_plugin_has_subscription_block":false,"_hostinger_reach_plugin_is_elementor":false,"_links":{"self":[{"href":"https:\/\/carinfo.com.br\/index.php?rest_route=\/wp\/v2\/pages\/10","targetHints":{"allow":["GET"]}}],"collection":[{"href":"https:\/\/carinfo.com.br\/index.php?rest_route=\/wp\/v2\/pages"}],"about":[{"href":"https:\/\/carinfo.com.br\/index.php?rest_route=\/wp\/v2\/types\/page"}],"author":[{"embeddable":true,"href":"https:\/\/carinfo.com.br\/index.php?rest_route=\/wp\/v2\/users\/1"}],"replies":[{"embeddable":true,"href":"https:\/\/carinfo.com.br\/index.php?rest_route=%2Fwp%2Fv2%2Fcomments&post=10"}],"version-history":[{"count":24,"href":"https:\/\/carinfo.com.br\/index.php?rest_route=\/wp\/v2\/pages\/10\/revisions"}],"predecessor-version":[{"id":94,"href":"https:\/\/carinfo.com.br\/index.php?rest_route=\/wp\/v2\/pages\/10\/revisions\/94"}],"wp:attachment":[{"href":"https:\/\/carinfo.com.br\/index.php?rest_route=%2Fwp%2Fv2%2Fmedia&parent=10"}],"curies":[{"name":"wp","href":"https:\/\/api.w.org\/{rel}","templated":true}]}}