{"id":39,"date":"2013-02-19T12:05:17","date_gmt":"2013-02-19T17:05:17","guid":{"rendered":"http:\/\/www.carinfo.com.br\/blog\/?page_id=39"},"modified":"2013-09-09T21:23:38","modified_gmt":"2013-09-10T01:23:38","slug":"quem-somos","status":"publish","type":"page","link":"https:\/\/carinfo.com.br\/?page_id=39","title":{"rendered":"Quem Somos \/ About us"},"content":{"rendered":"<p>O importante n\u00e3o \u00e9 o destino, e sim a viagem!<\/p>\n<p>Somos um casal cheio de sonhos, com alguns kil\u00f4metros rodados, alguns desafios conquistados e muitos deles \u00e0 conquistar. Viajar sempre foi a nossa maior paix\u00e3o e n\u00f3s viajamos extensivamente pela Am\u00e9rica do Sul, Am\u00e9rica do Norte, Europa e parte do Oriente M\u00e9dio, visitando mais de 25 pa\u00edses antes de embarcar nesta aventura.<\/p>\n<p>Esta viagem est\u00e1 em nossos sonhos desde 2006 quando nos mudamos para o Canad\u00e1 e finalmente vamos realiz\u00e1-la depois de muito planejamento, pesquisa e viagem virtual pela internet.<\/p>\n<p>A gosto por viajar vem de nossos pais e gostar\u00edamos de agradec\u00ea-los pelo belo exemplo.<\/p>\n<p>Relaxe e embarque conosco nesta aventura!<\/p>\n<p>Rafael e Liliane<\/p>\n<p>&#8212;&#8212;&#8212;&#8212;&#8212;&#8212;&#8212;&#8212;&#8212;&#8212;&#8212;&#8212;&#8212;&#8212;&#8212;&#8212;&#8212;&#8212;&#8212;&#8211;<\/p>\n<p>What is important is not the destination, but the journey!<\/p>\n<p>We are a couple full of dreams with some kilometers traveled, some conquered challenges and many of them yet to be conquered. Traveling has always been our greatest passion and we traveled extensively through South America, North America, Europe and the Middle East, visiting over 25 countries before embarking on this adventure.<\/p>\n<p>This trip is in our dreams since 2006 when we moved to Canada and we&#8217;re finally achieving it after lots of research, planning and virtual tour on the Internet.<\/p>\n<p>A taste for travel comes from our parents and we would like to thank them for the fine example.<\/p>\n<p>Relax and join us on this adventure!<\/p>\n<p>Rafael and Liliane<\/p>\n","protected":false},"excerpt":{"rendered":"<p>O importante n\u00e3o \u00e9 o destino, e sim a viagem! Somos um casal cheio de sonhos, com alguns kil\u00f4metros rodados, alguns desafios conquistados e muitos deles \u00e0 conquistar. Viajar sempre foi a nossa maior paix\u00e3o e n\u00f3s viajamos extensivamente pela Am\u00e9rica do Sul, Am\u00e9rica do Norte, Europa e parte do Oriente M\u00e9dio, visitando mais de [&hellip;]<\/p>\n","protected":false},"author":1,"featured_media":0,"parent":0,"menu_order":0,"comment_status":"open","ping_status":"open","template":"","meta":{"ngg_post_thumbnail":0,"footnotes":""},"class_list":["post-39","page","type-page","status-publish","hentry"],"_hostinger_reach_plugin_has_subscription_block":false,"_hostinger_reach_plugin_is_elementor":false,"_links":{"self":[{"href":"https:\/\/carinfo.com.br\/index.php?rest_route=\/wp\/v2\/pages\/39","targetHints":{"allow":["GET"]}}],"collection":[{"href":"https:\/\/carinfo.com.br\/index.php?rest_route=\/wp\/v2\/pages"}],"about":[{"href":"https:\/\/carinfo.com.br\/index.php?rest_route=\/wp\/v2\/types\/page"}],"author":[{"embeddable":true,"href":"https:\/\/carinfo.com.br\/index.php?rest_route=\/wp\/v2\/users\/1"}],"replies":[{"embeddable":true,"href":"https:\/\/carinfo.com.br\/index.php?rest_route=%2Fwp%2Fv2%2Fcomments&post=39"}],"version-history":[{"count":7,"href":"https:\/\/carinfo.com.br\/index.php?rest_route=\/wp\/v2\/pages\/39\/revisions"}],"predecessor-version":[{"id":117,"href":"https:\/\/carinfo.com.br\/index.php?rest_route=\/wp\/v2\/pages\/39\/revisions\/117"}],"wp:attachment":[{"href":"https:\/\/carinfo.com.br\/index.php?rest_route=%2Fwp%2Fv2%2Fmedia&parent=39"}],"curies":[{"name":"wp","href":"https:\/\/api.w.org\/{rel}","templated":true}]}}